{"id":7957,"date":"2019-02-25T15:21:43","date_gmt":"2019-02-25T14:21:43","guid":{"rendered":"https:\/\/www.anffasbronistradella.it\/web\/?page_id=7957"},"modified":"2019-02-25T15:22:33","modified_gmt":"2019-02-25T14:22:33","slug":"diventa-socio","status":"publish","type":"page","link":"https:\/\/www.anffasbronistradella.it\/web\/diventa-socio\/","title":{"rendered":"Diventa Socio"},"content":{"rendered":"[vc_row row_type=&#8221;row&#8221; text_align=&#8221;left&#8221; css_animation=&#8221;&#8221;][vc_column][vc_custom_heading text=&#8221;DIVENTA SOCIO&#8221; font_container=&#8221;tag:h3|text_align:left|color:%23224394&#8243; use_theme_fonts=&#8221;yes&#8221;][vc_separator type=&#8221;transparent&#8221; up=&#8221;5&#8243; down=&#8221;5&#8243;][vc_single_image image=&#8221;7956&#8243; img_size=&#8221;full&#8221; alignment=&#8221;center&#8221;][vc_column_text]<strong>SOCIO ORDINARIO:<\/strong><br \/>\nSe sei genitore, familiare entro il quarto grado, affine entro il secondo grado e\/o tutore, curatore o affidatario di una persona con disabilit\u00e0, puoi partecipare attivamente e concretamente alla vita della nostra Associazione divenendone socio.<\/p>\n<p><strong>SOCIO AMICO:<\/strong><br \/>\nSe ti senti vicino e\/o sei amico di una persona con disabilit\u00e0 puoi diventare socio amico dell\u2019Associazione!<\/p>\n<p>Diventare <strong>socio dell&#8217;Anffas<\/strong> pu\u00f2 essere un&#8217;occasione per condividere con altri la propria esperienza di genitore e\/o familiare, dando continuit\u00e0 all&#8217;impegno portato avanti negli anni a favore della piena inclusione sociale delle persone con disabilit\u00e0.<br \/>\nAderire all&#8217;Associazione, sostenendola nelle sua scelte, pu\u00f2 essere un&#8217;opportunit\u00e0 per diffondere insieme una cultura di solidariet\u00e0, per rendere pi\u00f9 rappresentativa e pi\u00f9 forte la nostra azione di tutela e affermazione delle persone con disabilit\u00e0 intellettiva e relazionale e dei loro familiari. L&#8217;attivit\u00e0 istituzionale ed associativa del socio \u00e8 svolta in base al principio di solidariet\u00e0 sociale.<\/p>\n<p><strong>DIVENTARE SOCIO ANFFAS \u00c8 FACILE<\/strong><br \/>\nPer le adesioni e\/o informazioni rivolgiti al Servizio <strong>S.A.I. (Servizio di Accoglienza e Informazione)<\/strong> al numero tel. 0385\/48713 oppure non esitare a contattarci anche via mail <a href=\"mailto:info@anffasbronistradella.it\">info@anffasbronistradella.it<\/a>[\/vc_column_text][vc_separator type=&#8221;transparent&#8221; down=&#8221;50&#8243;][\/vc_column][\/vc_row]\n","protected":false},"excerpt":{"rendered":"<p>[vc_row row_type=&#8221;row&#8221; text_align=&#8221;left&#8221; css_animation=&#8221;&#8221;][vc_column][vc_custom_heading text=&#8221;DIVENTA SOCIO&#8221; font_container=&#8221;tag:h3|text_align:left|color:%23224394&#8243; use_theme_fonts=&#8221;yes&#8221;][vc_separator type=&#8221;transparent&#8221; up=&#8221;5&#8243; down=&#8221;5&#8243;][vc_single_image image=&#8221;7956&#8243; img_size=&#8221;full&#8221; alignment=&#8221;center&#8221;][vc_column_text]SOCIO ORDINARIO: Se sei genitore, familiare entro il quarto grado, affine entro il secondo grado e\/o tutore, curatore o affidatario di una persona con disabilit\u00e0, puoi partecipare attivamente e concretamente alla vita&#8230;<\/p>\n","protected":false},"author":1,"featured_media":0,"parent":0,"menu_order":0,"comment_status":"closed","ping_status":"closed","template":"","meta":{"footnotes":""},"class_list":["post-7957","page","type-page","status-publish","hentry"],"_links":{"self":[{"href":"https:\/\/www.anffasbronistradella.it\/web\/wp-json\/wp\/v2\/pages\/7957","targetHints":{"allow":["GET"]}}],"collection":[{"href":"https:\/\/www.anffasbronistradella.it\/web\/wp-json\/wp\/v2\/pages"}],"about":[{"href":"https:\/\/www.anffasbronistradella.it\/web\/wp-json\/wp\/v2\/types\/page"}],"author":[{"embeddable":true,"href":"https:\/\/www.anffasbronistradella.it\/web\/wp-json\/wp\/v2\/users\/1"}],"replies":[{"embeddable":true,"href":"https:\/\/www.anffasbronistradella.it\/web\/wp-json\/wp\/v2\/comments?post=7957"}],"version-history":[{"count":2,"href":"https:\/\/www.anffasbronistradella.it\/web\/wp-json\/wp\/v2\/pages\/7957\/revisions"}],"predecessor-version":[{"id":7959,"href":"https:\/\/www.anffasbronistradella.it\/web\/wp-json\/wp\/v2\/pages\/7957\/revisions\/7959"}],"wp:attachment":[{"href":"https:\/\/www.anffasbronistradella.it\/web\/wp-json\/wp\/v2\/media?parent=7957"}],"curies":[{"name":"wp","href":"https:\/\/api.w.org\/{rel}","templated":true}]}}