{"id":7816,"date":"2019-01-30T15:31:15","date_gmt":"2019-01-30T14:31:15","guid":{"rendered":"https:\/\/www.anffasbronistradella.it\/web\/?page_id=7816"},"modified":"2019-08-16T17:01:47","modified_gmt":"2019-08-16T15:01:47","slug":"comunita-socio-sanitarie","status":"publish","type":"page","link":"https:\/\/www.anffasbronistradella.it\/web\/comunita-socio-sanitarie\/","title":{"rendered":"Comunit\u00e0 Socio Sanitarie"},"content":{"rendered":"[vc_row row_type=&#8221;row&#8221; text_align=&#8221;left&#8221; css_animation=&#8221;&#8221;][vc_column][vc_custom_heading text=&#8221;CSS COMUNIT\u00c0 SOCIO SANITARIE&#8221; font_container=&#8221;tag:h3|text_align:left|color:%23224394&#8243; use_theme_fonts=&#8221;yes&#8221;][vc_column_text]\n<div class=\"wpb_text_column wpb_content_element \">\n<div class=\"wpb_wrapper\">\n<p><strong>Anffas Onlus Broni Stradella gestisce due CSS nei Comuni di Broni e Stradella.<\/strong> Ognuna delle CSS dispone di 10 posti letto, sono collocate in edifici completamente ristrutturati dall\u2019Associazione grazie alle donazioni di cittadini raccolte nella sua quasi quarantennale attivit\u00e0.<\/p>\n<p><strong>L\u2019accoglienza in Comunit\u00e0<\/strong> \u00e8 rivolta a persone con disabilit\u00e0 prive del sostegno familiare a causa del decesso dei genitori e\/o per l\u2019impossibilit\u00e0 di altri familiari di poter provvedere alla loro cura.<\/p>\n<p><strong>Le CSS sono vere e proprie abitazioni<\/strong> dove ognuno partecipa alla vita domestica comunitaria, dove vengono stimolate e rafforzate le abilit\u00e0 individuali, potenziate le autonomie. In Comunit\u00e0 le attivit\u00e0 sono organizzate con l\u2019obiettivo di favorire la massima inclusione sociale, mantenendo le abitudini dei singoli, promuovendo attivit\u00e0 tese alla socializzazione ed alla massima integrazione nella vita cittadina.<\/p>\n<p><strong>Le CSS sono accreditate da Regione Lombardia.<\/strong><\/p>\n<\/div>\n<\/div>\n[\/vc_column_text][\/vc_column][\/vc_row][vc_row row_type=&#8221;row&#8221; text_align=&#8221;left&#8221; css_animation=&#8221;&#8221; css=&#8221;.vc_custom_1546014791801{margin-top: 30px !important;}&#8221;][vc_column width=&#8221;1\/2&#8243;][vc_single_image image=&#8221;7457&#8243; img_size=&#8221;full&#8221; add_caption=&#8221;yes&#8221; alignment=&#8221;center&#8221; onclick=&#8221;link_image&#8221;][vc_separator type=&#8221;transparent&#8221; up=&#8221;7&#8243;][\/vc_column][vc_column width=&#8221;1\/2&#8243;][vc_single_image image=&#8221;7914&#8243; img_size=&#8221;full&#8221; add_caption=&#8221;yes&#8221; alignment=&#8221;center&#8221; onclick=&#8221;link_image&#8221;][vc_separator type=&#8221;transparent&#8221; up=&#8221;7&#8243;][\/vc_column][\/vc_row]\n","protected":false},"excerpt":{"rendered":"<p>[vc_row row_type=&#8221;row&#8221; text_align=&#8221;left&#8221; css_animation=&#8221;&#8221;][vc_column][vc_custom_heading text=&#8221;CSS COMUNIT\u00c0 SOCIO SANITARIE&#8221; font_container=&#8221;tag:h3|text_align:left|color:%23224394&#8243; use_theme_fonts=&#8221;yes&#8221;][vc_column_text] Anffas Onlus Broni Stradella gestisce due CSS nei Comuni di Broni e Stradella. Ognuna delle CSS dispone di 10 posti letto, sono collocate in edifici completamente ristrutturati dall\u2019Associazione grazie alle donazioni di cittadini raccolte nella&#8230;<\/p>\n","protected":false},"author":1,"featured_media":0,"parent":0,"menu_order":0,"comment_status":"closed","ping_status":"closed","template":"","meta":{"footnotes":""},"class_list":["post-7816","page","type-page","status-publish","hentry"],"_links":{"self":[{"href":"https:\/\/www.anffasbronistradella.it\/web\/wp-json\/wp\/v2\/pages\/7816","targetHints":{"allow":["GET"]}}],"collection":[{"href":"https:\/\/www.anffasbronistradella.it\/web\/wp-json\/wp\/v2\/pages"}],"about":[{"href":"https:\/\/www.anffasbronistradella.it\/web\/wp-json\/wp\/v2\/types\/page"}],"author":[{"embeddable":true,"href":"https:\/\/www.anffasbronistradella.it\/web\/wp-json\/wp\/v2\/users\/1"}],"replies":[{"embeddable":true,"href":"https:\/\/www.anffasbronistradella.it\/web\/wp-json\/wp\/v2\/comments?post=7816"}],"version-history":[{"count":7,"href":"https:\/\/www.anffasbronistradella.it\/web\/wp-json\/wp\/v2\/pages\/7816\/revisions"}],"predecessor-version":[{"id":9279,"href":"https:\/\/www.anffasbronistradella.it\/web\/wp-json\/wp\/v2\/pages\/7816\/revisions\/9279"}],"wp:attachment":[{"href":"https:\/\/www.anffasbronistradella.it\/web\/wp-json\/wp\/v2\/media?parent=7816"}],"curies":[{"name":"wp","href":"https:\/\/api.w.org\/{rel}","templated":true}]}}