{"id":7803,"date":"2019-01-30T15:15:50","date_gmt":"2019-01-30T14:15:50","guid":{"rendered":"https:\/\/www.anffasbronistradella.it\/web\/?page_id=7803"},"modified":"2026-04-24T12:10:56","modified_gmt":"2026-04-24T10:10:56","slug":"trasparenza","status":"publish","type":"page","link":"https:\/\/www.anffasbronistradella.it\/web\/trasparenza\/","title":{"rendered":"Trasparenza"},"content":{"rendered":"[vc_row row_type=&#8221;row&#8221; text_align=&#8221;left&#8221; css_animation=&#8221;&#8221;][vc_column][vc_custom_heading text=&#8221;ANFFAS ONLUS BRONI STRADELLA &#8211; TRASPARENZA&#8221; font_container=&#8221;tag:h3|text_align:left|color:%23224394&#8243; use_theme_fonts=&#8221;yes&#8221;][vc_column_text]Noi di <strong>Anffas<\/strong> agiamo in modo responsabile\u00a0 verso la comunit\u00e0 che in questi decenni ci ha sostenuto e finanziato. Grati per i finanziamenti che ci permettono di fornire quotidianamente risposte concrete sul territorio, garantiamo con assoluta trasparenza parit\u00e0 di trattamento e imparzialit\u00e0 a tutte le persone con disabilit\u00e0 ed alle loro famiglie.<\/p>\n[\/vc_column_text][vc_separator type=&#8221;transparent&#8221; up=&#8221;15&#8243; down=&#8221;15&#8243;][\/vc_column][\/vc_row]\n","protected":false},"excerpt":{"rendered":"<p>[vc_row row_type=&#8221;row&#8221; text_align=&#8221;left&#8221; css_animation=&#8221;&#8221;][vc_column][vc_custom_heading text=&#8221;ANFFAS ONLUS BRONI STRADELLA &#8211; TRASPARENZA&#8221; font_container=&#8221;tag:h3|text_align:left|color:%23224394&#8243; use_theme_fonts=&#8221;yes&#8221;][vc_column_text]Noi di Anffas agiamo in modo responsabile\u00a0 verso la comunit\u00e0 che in questi decenni ci ha sostenuto e finanziato. Grati per i finanziamenti che ci permettono di fornire quotidianamente risposte concrete sul territorio, garantiamo&#8230;<\/p>\n","protected":false},"author":1,"featured_media":0,"parent":0,"menu_order":0,"comment_status":"closed","ping_status":"closed","template":"","meta":{"footnotes":""},"class_list":["post-7803","page","type-page","status-publish","hentry"],"_links":{"self":[{"href":"https:\/\/www.anffasbronistradella.it\/web\/wp-json\/wp\/v2\/pages\/7803","targetHints":{"allow":["GET"]}}],"collection":[{"href":"https:\/\/www.anffasbronistradella.it\/web\/wp-json\/wp\/v2\/pages"}],"about":[{"href":"https:\/\/www.anffasbronistradella.it\/web\/wp-json\/wp\/v2\/types\/page"}],"author":[{"embeddable":true,"href":"https:\/\/www.anffasbronistradella.it\/web\/wp-json\/wp\/v2\/users\/1"}],"replies":[{"embeddable":true,"href":"https:\/\/www.anffasbronistradella.it\/web\/wp-json\/wp\/v2\/comments?post=7803"}],"version-history":[{"count":18,"href":"https:\/\/www.anffasbronistradella.it\/web\/wp-json\/wp\/v2\/pages\/7803\/revisions"}],"predecessor-version":[{"id":9612,"href":"https:\/\/www.anffasbronistradella.it\/web\/wp-json\/wp\/v2\/pages\/7803\/revisions\/9612"}],"wp:attachment":[{"href":"https:\/\/www.anffasbronistradella.it\/web\/wp-json\/wp\/v2\/media?parent=7803"}],"curies":[{"name":"wp","href":"https:\/\/api.w.org\/{rel}","templated":true}]}}