{"id":7608,"date":"2019-01-03T11:01:30","date_gmt":"2019-01-03T10:01:30","guid":{"rendered":"https:\/\/www.anffasbronistradella.it\/web\/?page_id=7608"},"modified":"2023-03-16T10:57:41","modified_gmt":"2023-03-16T09:57:41","slug":"news","status":"publish","type":"page","link":"https:\/\/www.anffasbronistradella.it\/web\/news\/","title":{"rendered":"DIAMO UN CALCIO ALLA STUPIDITA\u2019"},"content":{"rendered":"<p>Sabato 10 marzo 2023, \u00e8 una bella serata, nell\u2019aria puoi gi\u00e0 sentire la primavera.<br \/>\nUn ragazzo e una ragazza innamorati passeggiano mano nella mano per una delle vie centrali di Stradella dopo una cena insieme.<br \/>\nSe fossimo in un mondo perfetto il racconto potrebbe finire qui.<br \/>\nNon avremmo bisogno di dirvi che i due ragazzi sono disabili. Non dovrebbe importare a nessuno.<br \/>\nPurtroppo non \u00e8 cos\u00ec.<br \/>\nAllora ricominciamo.<br \/>\nIn una sera di marzo del 2023 ( non nel 1930, fate bene attenzione), in una piccola citt\u00e0 di provincia che si chiama Stradella, ma potrebbe essere Viareggio, Brescia o Isernia, un ragazzo e una ragazza con disabilit\u00e0 camminano parlando del loro futuro insieme.<br \/>\nI familiari li seguono, discreti, a pochi passi di distanza.<br \/>\nLa via della \u201cMovida\u201d stradellina \u00e8 affollata.<br \/>\nQualcuno li guarda con un sorrisino ironico, altri aggiungendo un commento stupido, molti, ma sempre troppi pochi, con la tenerezza che si riserva agli amori appena nati.<br \/>\nFin qui ordinaria amministrazione, i nostri eroi sono tosti, hanno imparato da tempo a difendersi dagli sguardi degli altri.<br \/>\nPoi, all\u2019improvviso, l\u2019incontro sul viale dei giardini con \u201c Il Branco\u201d.<br \/>\nUna decina di ragazzine giovanissime si avvicina.<br \/>\nRisate di scherno.<br \/>\n\u201cEhi guarda quei due down\u201d\u2026<br \/>\nDisprezzo che taglia come cristallo.<br \/>\nUna di loro, accelera il passo, raggiunge la coppia, cerca di colpire la ragazza con una pedata sul sedere.<br \/>\nForse per farle male.<br \/>\nForse per umiliarla, che \u00e8 un male anche peggiore.<br \/>\nA quel punto interviene il pap\u00e0 della ragazza per difendere i nostri \u201c portatori sani di tenerezza\u201d, scosso, schifato, mai stanco di combattere contro l\u2019ignoranza e il pregiudizio.<br \/>\nIl gruppo si disperde.<br \/>\nI due innamorati non si sono lasciati la mano, sono feriti, hanno gli occhi lucidi, ci vorranno giorni per lavare via questo schifo dalle loro anime belle.<br \/>\nPerch\u00e9 vi raccontiamo questa storia?<br \/>\nPerch\u00e9 \u00e8 giusto che sappiate che ancora, in un\u2019epoca di \u201cpoliticamente corretto\u201d e ipocrisia, esistono i &#8220;diversi&#8221; e i &#8220;normodotati&#8221; e su chi sia cosa, ci sarebbe molto da discutere.<br \/>\nVe lo diciamo perch\u00e9, quando degli adolescenti si comportano cos\u00ec, nessuno di noi \u00e8 assolto.<br \/>\nLi cresciamo noi questi figli dalla sensibilit\u00e0 atrofica, talmente fragili e rabbiosi da doversi accanire su chi sentono pi\u00f9 fragile di loro.<br \/>\nIn fondo \u00e8 responsabilit\u00e0 di noi tutti educare al rispetto e all\u2019inclusione.<br \/>\n<strong>Ecco, se credete che questa storia non vi riguardi, non ci riguardi tutti, allora il grosso problema \u00e8 questo.<\/strong><\/p>\n","protected":false},"excerpt":{"rendered":"<p>Sabato 10 marzo 2023, \u00e8 una bella serata, nell\u2019aria puoi gi\u00e0 sentire la primavera. Un ragazzo e una ragazza innamorati passeggiano mano nella mano per una delle vie centrali di Stradella dopo una cena insieme. Se fossimo in un mondo perfetto il racconto potrebbe finire&#8230;<\/p>\n","protected":false},"author":1,"featured_media":0,"parent":0,"menu_order":0,"comment_status":"closed","ping_status":"closed","template":"blog-large-image.php","meta":{"footnotes":""},"class_list":["post-7608","page","type-page","status-publish","hentry"],"_links":{"self":[{"href":"https:\/\/www.anffasbronistradella.it\/web\/wp-json\/wp\/v2\/pages\/7608","targetHints":{"allow":["GET"]}}],"collection":[{"href":"https:\/\/www.anffasbronistradella.it\/web\/wp-json\/wp\/v2\/pages"}],"about":[{"href":"https:\/\/www.anffasbronistradella.it\/web\/wp-json\/wp\/v2\/types\/page"}],"author":[{"embeddable":true,"href":"https:\/\/www.anffasbronistradella.it\/web\/wp-json\/wp\/v2\/users\/1"}],"replies":[{"embeddable":true,"href":"https:\/\/www.anffasbronistradella.it\/web\/wp-json\/wp\/v2\/comments?post=7608"}],"version-history":[{"count":3,"href":"https:\/\/www.anffasbronistradella.it\/web\/wp-json\/wp\/v2\/pages\/7608\/revisions"}],"predecessor-version":[{"id":9704,"href":"https:\/\/www.anffasbronistradella.it\/web\/wp-json\/wp\/v2\/pages\/7608\/revisions\/9704"}],"wp:attachment":[{"href":"https:\/\/www.anffasbronistradella.it\/web\/wp-json\/wp\/v2\/media?parent=7608"}],"curies":[{"name":"wp","href":"https:\/\/api.w.org\/{rel}","templated":true}]}}