{"id":7565,"date":"2019-01-02T15:53:25","date_gmt":"2019-01-02T14:53:25","guid":{"rendered":"https:\/\/www.anffasbronistradella.it\/web\/?page_id=7565"},"modified":"2019-02-27T11:40:46","modified_gmt":"2019-02-27T10:40:46","slug":"lasciti-testamentari","status":"publish","type":"page","link":"https:\/\/www.anffasbronistradella.it\/web\/lasciti-testamentari\/","title":{"rendered":"Lasciti Testamentari"},"content":{"rendered":"[vc_row row_type=&#8221;row&#8221; text_align=&#8221;left&#8221; css_animation=&#8221;&#8221;][vc_column][vc_custom_heading text=&#8221;LASCITI TESTAMENTARI&#8221; font_container=&#8221;tag:h3|text_align:left|color:%23224394&#8243; use_theme_fonts=&#8221;yes&#8221;][vc_separator type=&#8221;transparent&#8221; up=&#8221;5&#8243; down=&#8221;5&#8243;][vc_single_image image=&#8221;8014&#8243; img_size=&#8221;full&#8221; alignment=&#8221;center&#8221;][vc_column_text]Con il <strong>testamento<\/strong> oltre che tutelare il coniuge, i figli e i nipoti potr\u00e0 contemporaneamente sostenere progetti ed attivit\u00e0 di <strong>Anffas Onlus Broni Stradella<\/strong>, nel modo che Lei creder\u00e0 pi\u00f9 opportuno. Questo gesto testimonier\u00e0 il suo impegno sociale e permetter\u00e0 la creazione ed il sostegno di servizi dell\u2019associazione.<\/p>\n<p><strong>Cosa si pu\u00f2 lasciare?<\/strong><br \/>\nE\u2019 possibile lasciare in eredit\u00e0 somme di denaro, beni immobili o altri beni materiali .<\/p>\n<p><strong>Chi pu\u00f2 fare testamento?<\/strong><br \/>\nIl testamento \u00e8 uno degli atti pi\u00f9 importanti della nostra vita e per questo \u00e8 utile chiedere un consiglio professionale ad un notaio. Chiunque abbia compiuto la maggiore et\u00e0 e sia capace di intendere e di volere, pu\u00f2 fare testamento e pu\u00f2, in seguito, modificarlo in qualsiasi momento.<\/p>\n<p><strong>Altre modalit\u00e0 di sostegno?<\/strong><br \/>\nPu\u00f2 lasciare ad <strong>Anffas Onlus Broni Stradella<\/strong> anche una polizza vita, comunicandolo alla societ\u00e0 di assicurazione oppure dichiarandolo nel testamento.<\/p>\n<p><em>Grazie fin da ora per quello che potr\u00e0 fare!<\/em>[\/vc_column_text][vc_separator type=&#8221;transparent&#8221; down=&#8221;50&#8243;][\/vc_column][\/vc_row]\n","protected":false},"excerpt":{"rendered":"<p>[vc_row row_type=&#8221;row&#8221; text_align=&#8221;left&#8221; css_animation=&#8221;&#8221;][vc_column][vc_custom_heading text=&#8221;LASCITI TESTAMENTARI&#8221; font_container=&#8221;tag:h3|text_align:left|color:%23224394&#8243; use_theme_fonts=&#8221;yes&#8221;][vc_separator type=&#8221;transparent&#8221; up=&#8221;5&#8243; down=&#8221;5&#8243;][vc_single_image image=&#8221;8014&#8243; img_size=&#8221;full&#8221; alignment=&#8221;center&#8221;][vc_column_text]Con il testamento oltre che tutelare il coniuge, i figli e i nipoti potr\u00e0 contemporaneamente sostenere progetti ed attivit\u00e0 di Anffas Onlus Broni Stradella, nel modo che Lei creder\u00e0 pi\u00f9 opportuno. Questo&#8230;<\/p>\n","protected":false},"author":1,"featured_media":0,"parent":0,"menu_order":0,"comment_status":"closed","ping_status":"closed","template":"","meta":{"footnotes":""},"class_list":["post-7565","page","type-page","status-publish","hentry"],"_links":{"self":[{"href":"https:\/\/www.anffasbronistradella.it\/web\/wp-json\/wp\/v2\/pages\/7565","targetHints":{"allow":["GET"]}}],"collection":[{"href":"https:\/\/www.anffasbronistradella.it\/web\/wp-json\/wp\/v2\/pages"}],"about":[{"href":"https:\/\/www.anffasbronistradella.it\/web\/wp-json\/wp\/v2\/types\/page"}],"author":[{"embeddable":true,"href":"https:\/\/www.anffasbronistradella.it\/web\/wp-json\/wp\/v2\/users\/1"}],"replies":[{"embeddable":true,"href":"https:\/\/www.anffasbronistradella.it\/web\/wp-json\/wp\/v2\/comments?post=7565"}],"version-history":[{"count":2,"href":"https:\/\/www.anffasbronistradella.it\/web\/wp-json\/wp\/v2\/pages\/7565\/revisions"}],"predecessor-version":[{"id":8015,"href":"https:\/\/www.anffasbronistradella.it\/web\/wp-json\/wp\/v2\/pages\/7565\/revisions\/8015"}],"wp:attachment":[{"href":"https:\/\/www.anffasbronistradella.it\/web\/wp-json\/wp\/v2\/media?parent=7565"}],"curies":[{"name":"wp","href":"https:\/\/api.w.org\/{rel}","templated":true}]}}